{"id":84,"date":"2009-03-19T17:36:04","date_gmt":"2009-03-19T16:36:04","guid":{"rendered":"http:\/\/www.bjfa.de\/?page_id=84"},"modified":"2009-03-19T17:36:04","modified_gmt":"2009-03-19T16:36:04","slug":"willkommen","status":"publish","type":"page","link":"http:\/\/fab-j.de\/?page_id=84","title":{"rendered":"fab-j-architektur"},"content":{"rendered":"<h2 style=\"text-align: justify;\"><span style=\"color: #ff0000;\">! Alles ist optimierbar &#8211; so auch diese Website !<\/span><\/h2>\n<p>Diese\u00a0Seite bietet Informationen \u00fcber Arbeitsphilosophie und Leistungsspektrum des seit 1978 bestehenden\u00a0Architekturb\u00fcros.<\/p>\n<h2><strong>Architektur-These &#8222;form follows function&#8220;<\/strong><\/h2>\n<p style=\"text-align: left;\"><a href=\"http:\/\/de.wikipedia.org\/wiki\/Form_follows_function\">http:\/\/de.wikipedia.org\/wiki\/Form_follows_function<\/a><br \/>\nErst einmal mu\u00df der Grundriss nutzungsgerecht funktionieren, dann findet sich sicher &#8211; sozusagen &#8222;von innen nach au\u00dfen&#8220; vorgehend &#8211; eine stimmige r\u00e4umliche Ausgestaltung hierf\u00fcr. Fehler im Grundriss und in der Materialwahl lassen sich nicht durch noch so hohen Gestaltungsaufwand reparieren.<\/p>\n<h2><!--more--><strong>Kreativ-nachhaltig planen und bauen<\/strong><\/h2>\n<p style=\"text-align: left;\">Alles ist derzeit im Wandel. Reduzierung des Energieverbrauchs und projektbezogene Gewinnung &#8222;erneuerbarer Energien&#8220; sind angesagt. Das sind zwar notwendige\u00a0aber\u00a0nicht die einzigen wesentlichen\u00a0Aspekte f\u00fcr gesunde und nutzergerechte Architektur. W\u00e4nde, die W\u00e4rme und Luftfeuchtigkeit aufnehmen, speichern und wieder abgeben k\u00f6nnen, sind\u00a0Grundvoraussetzung f\u00fcr ein gesundes Raumklima.<br \/>\nKreativit\u00e4t nicht &#8222;modisch&#8220; interpretiert, eher im Sinne guter langlebiger L\u00f6sungen.<\/p>\n<h2><strong>Materialgerecht planen und bauen<\/strong><\/h2>\n<p style=\"text-align: left;\">Jedes Baumaterial hat spezifische Eigenschaften in positiver\u00a0und negativer Hinsicht.\u00a0Sie sind bei der Planung mit Bedacht abzustimmen &#8211; insbesondere unter Aspekten der funktionellen und physikalischen Eignung, der Bearbeitbarkeit, des Unterhaltungsaufwands und der gestalterischen Harmonie.<\/p>\n<h2><strong>Standortgerecht planen und bauen<\/strong><\/h2>\n<p style=\"text-align: left;\">Die geologischen, topografischen und\u00a0naturr\u00e4umlichen\u00a0Parameter sowie\u00a0die st\u00e4dtebaulichen und die\u00a0planungsrechtlichen Vorgaben\u00a0eines\u00a0vorgesehenen\u00a0Baustandorts sollten fr\u00fchzeitig in die Grundlagenermittlung einer Planung aufgenommen und entsprechend gewichtet werden, ebenfalls der Bezug zur Himmelsrichtung. Weit vor Baubeginn k\u00f6nnen hierdurch schon\u00a0Bauschadenrisiken\u00a0und Energieverbrauch minimiert\u00a0werden.\u00a0Beispiel: durch fr\u00fche Fachplanerbeteiligung l\u00e4\u00dft sich die konstruktiv-sinnvollste und kosteng\u00fcnstigste Gr\u00fcndung kl\u00e4ren (Streifenfundamente versus\u00a0Platten-gr\u00fcndung;\u00a0 Bodenaustausch\u00a0versus Pfahlg\u00fcndung).<\/p>\n<h2><strong>Res\u00fcmee:\u00a0\u00a0\u00a0\u00a0\u00a0\u00a0\u00a0\u00a0\u00a0\u00a0\u00a0\u00a0\u00a0\u00a0\u00a0\u00a0\u00a0\u00a0\u00a0\u00a0\u00a0\u00a0\u00a0\u00a0\u00a0\u00a0\u00a0\u00a0\u00a0\u00a0\u00a0\u00a0\u00a0\u00a0\u00a0\u00a0\u00a0\u00a0\u00a0\u00a0\u00a0\u00a0\u00a0\u00a0\u00a0\u00a0\u00a0 ganzheitlicher\u00a0Planungs-Ansatz und\u00a0-Ablauf<\/strong><\/h2>\n<p style=\"text-align: left;\">+ Vorteil:\u00a0Entwurf, Werkplanung, Ausschreibung und Objekt\u00fcberwachung liegen durchg\u00e4ngig in einer Hand. Das beg\u00fcnstigt\u00a0hohe Planungsdisziplin.<br \/>\n&#8211; Nachteil:\u00a0Themen wie z.B. &#8222;Friesenhaus auf Hanggrundst\u00fcck in zentraler Ortslage des Kieler Umlands&#8220; lassen sich mit dieser Arbeitsphilosophie nicht vereinbaren.<\/p>\n<h2><strong>Projektdarstellung: CAD +\u00a0Fotografie<\/strong><\/h2>\n<p style=\"text-align: left;\">Die gem\u00e4\u00df HOAI-Grundleistungen erforderliche Darstellung der Planungsprojekte erfolgt zeitgem\u00e4\u00df mittels CAD-Pl\u00e4nen, die dann in Druckform vorliegen (Plotts) und als PDF-Dateien elektronisch versendet werden (zum externen Betrachten\u00a0und Ausdrucken). Beteiligte Fachplaner erhalten die CAD-P\u00e4ne im neutralen DWG- bzw. DXF-Format, k\u00f6nnen so die Pl\u00e4ne erg\u00e4nzen und wieder zur\u00fcckgeben. Auf diese Weise ist eine permanente interdiziplin\u00e4re Planfortschreibung m\u00f6glich.\u00a0\u00a0\u00a0\u00a0\u00a0\u00a0\u00a0\u00a0\u00a0\u00a0\u00a0\u00a0\u00a0\u00a0\u00a0\u00a0\u00a0\u00a0\u00a0\u00a0\u00a0\u00a0\u00a0\u00a0\u00a0\u00a0\u00a0\u00a0\u00a0\u00a0\u00a0 \u00a0\u00a0\u00a0\u00a0\u00a0\u00a0\u00a0\u00a0\u00a0\u00a0\u00a0\u00a0\u00a0\u00a0\u00a0\u00a0\u00a0\u00a0\u00a0\u00a0\u00a0\u00a0\u00a0\u00a0\u00a0\u00a0\u00a0\u00a0\u00a0\u00a0\u00a0\u00a0\u00a0\u00a0\u00a0\u00a0\u00a0\u00a0\u00a0\u00a0\u00a0\u00a0\u00a0\u00a0\u00a0\u00a0\u00a0\u00a0\u00a0\u00a0\u00a0\u00a0\u00a0\u00a0\u00a0\u00a0\u00a0\u00a0\u00a0 Als Besondere Leistung k\u00f6nnen erg\u00e4nzende Projektdarstellungen mittels Fotografie-Dokomentationen erstellt werden (Detailfotos, Panoramen, HDI-Aufnahmen &#8230;).<\/p>\n","protected":false},"excerpt":{"rendered":"<p>! Alles ist optimierbar &#8211; so auch diese Website ! Diese\u00a0Seite bietet Informationen \u00fcber Arbeitsphilosophie und Leistungsspektrum des seit 1978 bestehenden\u00a0Architekturb\u00fcros. Architektur-These &#8222;form follows function&#8220; http:\/\/de.wikipedia.org\/wiki\/Form_follows_function Erst einmal mu\u00df der Grundriss nutzungsgerecht funktionieren, dann findet sich sicher &#8211; sozusagen &#8222;von &hellip; <a href=\"http:\/\/fab-j.de\/?page_id=84\">Weiterlesen <span class=\"meta-nav\">&rarr;<\/span><\/a><\/p>\n","protected":false},"author":2,"featured_media":1213,"parent":0,"menu_order":0,"comment_status":"open","ping_status":"open","template":"","meta":{"footnotes":""},"class_list":["post-84","page","type-page","status-publish","has-post-thumbnail","hentry"],"_links":{"self":[{"href":"http:\/\/fab-j.de\/index.php?rest_route=\/wp\/v2\/pages\/84"}],"collection":[{"href":"http:\/\/fab-j.de\/index.php?rest_route=\/wp\/v2\/pages"}],"about":[{"href":"http:\/\/fab-j.de\/index.php?rest_route=\/wp\/v2\/types\/page"}],"author":[{"embeddable":true,"href":"http:\/\/fab-j.de\/index.php?rest_route=\/wp\/v2\/users\/2"}],"replies":[{"embeddable":true,"href":"http:\/\/fab-j.de\/index.php?rest_route=%2Fwp%2Fv2%2Fcomments&post=84"}],"version-history":[{"count":0,"href":"http:\/\/fab-j.de\/index.php?rest_route=\/wp\/v2\/pages\/84\/revisions"}],"wp:featuredmedia":[{"embeddable":true,"href":"http:\/\/fab-j.de\/index.php?rest_route=\/"}],"wp:attachment":[{"href":"http:\/\/fab-j.de\/index.php?rest_route=%2Fwp%2Fv2%2Fmedia&parent=84"}],"curies":[{"name":"wp","href":"https:\/\/api.w.org\/{rel}","templated":true}]}}