{"id":582,"date":"2012-06-12T00:45:48","date_gmt":"2012-06-11T23:45:48","guid":{"rendered":"http:\/\/fab-j.de\/?page_id=582"},"modified":"2012-06-12T00:45:48","modified_gmt":"2012-06-11T23:45:48","slug":"foto-aktuell","status":"publish","type":"page","link":"http:\/\/fab-j.de\/?page_id=582","title":{"rendered":"foto-aktuell"},"content":{"rendered":"<p>Dem Abbruch folgt Aufbau &#8211; alter Karstadt-Standort in Kiel am Alten Markt<\/p>\n<p><a href=\"http:\/\/fab-j.de\/fotogalerie\/foto-aktuell\/sony-dsc-31\/\" rel=\"attachment wp-att-770\"><img loading=\"lazy\" decoding=\"async\" class=\"alignleft size-thumbnail wp-image-770\" title=\"Panorama Nikolai...Holsten...\" src=\"http:\/\/fab-j.de\/wp-content\/uploads\/2012\/06\/Pan1-Abbr-Karst_\u00a92-300x131.jpg\" alt=\"\" width=\"300\" height=\"131\" \/><\/a><a href=\"http:\/\/fab-j.de\/fotogalerie\/foto-aktuell\/sony-dsc-2\/\" rel=\"attachment wp-att-738\"><img loading=\"lazy\" decoding=\"async\" class=\"alignleft size-thumbnail wp-image-738\" title=\"Blick vom Alten Makt\" src=\"http:\/\/fab-j.de\/wp-content\/uploads\/2012\/06\/Abbr-Karst-1a_\u00a91-150x225.jpg\" alt=\"\" width=\"100\" height=\"150\" \/><\/a><\/p>\n<p>&nbsp;<\/p>\n<p>&nbsp;<\/p>\n<p>&nbsp;<\/p>\n<p><a href=\"http:\/\/fab-j.de\/fotogalerie\/foto-aktuell\/sony-dsc-216\/\" rel=\"attachment wp-att-1420\"><img loading=\"lazy\" decoding=\"async\" class=\"alignleft size-thumbnail wp-image-1420\" title=\"Karstadt Abbruchdetail1\" src=\"http:\/\/fab-j.de\/wp-content\/uploads\/2012\/09\/Karst-Abbr-Detail1a-\u00a9-99x150.jpg\" alt=\"\" width=\"99\" height=\"150\" \/><\/a><a href=\"http:\/\/fab-j.de\/fotogalerie\/foto-aktuell\/sony-dsc-51\/\" rel=\"attachment wp-att-883\"><img loading=\"lazy\" decoding=\"async\" class=\"alignleft size-thumbnail wp-image-883\" title=\"Karstadt-Rolltreppe\" src=\"http:\/\/fab-j.de\/wp-content\/uploads\/2012\/06\/Karstadt-Rolltreppe_\u00a9LU-100x150.jpg\" alt=\"\" width=\"100\" height=\"150\" \/><\/a><a href=\"http:\/\/fab-j.de\/?attachment_id=739\"><img loading=\"lazy\" decoding=\"async\" class=\"alignleft size-thumbnail wp-image-739\" title=\"tempor\u00e4rer freier Blick auf das Jacobsenhaus\" src=\"http:\/\/fab-j.de\/wp-content\/uploads\/2012\/06\/Abbr-Karst-2_\u00a92-300x199.jpg\" alt=\"\" width=\"226\" height=\"150\" \/><\/a><\/p>\n<p>&nbsp;<\/p>\n<p>&nbsp;<\/p>\n<p>&nbsp;<\/p>\n<p><a href=\"http:\/\/fab-j.de\/fotogalerie\/foto-aktuell\/sony-dsc-46\/\" rel=\"attachment wp-att-796\"><img loading=\"lazy\" decoding=\"async\" class=\"alignleft size-thumbnail wp-image-796\" title=\"Freier Durchblick\" src=\"http:\/\/fab-j.de\/wp-content\/uploads\/2012\/06\/Abbr-Karstadt5_\u00a9LU1-300x150.jpg\" alt=\"\" width=\"300\" height=\"150\" \/><\/a><a href=\"http:\/\/fab-j.de\/fotogalerie\/foto-aktuell\/sony-dsc-213\/\" rel=\"attachment wp-att-1410\"><img loading=\"lazy\" decoding=\"async\" class=\"alignleft size-thumbnail wp-image-1410\" title=\"tempor\u00e4re freie Blickachse Nikolai\/Holstenstr.\" src=\"http:\/\/fab-j.de\/wp-content\/uploads\/2012\/09\/Karst-Abbr-Nikolai-Holstenstr-\u00a9-99x150.jpg\" alt=\"\" width=\"99\" height=\"150\" \/><\/a><\/p>\n<p>&nbsp;<\/p>\n<p>&nbsp;<\/p>\n<p>&nbsp;<\/p>\n<p><a href=\"http:\/\/fab-j.de\/fotogalerie\/foto-aktuell\/sony-dsc-24\/\" rel=\"attachment wp-att-761\"><img loading=\"lazy\" decoding=\"async\" class=\"alignleft size-thumbnail wp-image-761\" title=\"Neubau, Blick vom Bootshafen\" src=\"http:\/\/fab-j.de\/wp-content\/uploads\/2012\/06\/Neu-Nordl-1_\u00a92-300x199.jpg\" alt=\"\" width=\"226\" height=\"150\" \/><\/a><a href=\"http:\/\/fab-j.de\/?attachment_id=984\"><img loading=\"lazy\" decoding=\"async\" class=\"alignleft size-thumbnail wp-image-984\" title=\"Neubau Stand 28.06.12-3\" src=\"http:\/\/fab-j.de\/wp-content\/uploads\/2012\/06\/karstadt1a-20120628_\u00a9LU-224x150.jpg\" alt=\"\" width=\"224\" height=\"150\" \/><\/a><\/p>\n<p>&nbsp;<\/p>\n<p>&nbsp;<\/p>\n<p>&nbsp;<\/p>\n<p><a href=\"http:\/\/fab-j.de\/?attachment_id=986\"><img loading=\"lazy\" decoding=\"async\" class=\"alignleft size-thumbnail wp-image-986\" title=\"Neubau Stand 28.06.12-1\" src=\"http:\/\/fab-j.de\/wp-content\/uploads\/2012\/06\/karstadt3a-20120628_\u00a9LU-225x150.jpg\" alt=\"\" width=\"225\" height=\"150\" \/><\/a><a href=\"http:\/\/fab-j.de\/?attachment_id=985\"><img loading=\"lazy\" decoding=\"async\" class=\"alignleft size-thumbnail wp-image-985\" title=\"Neubau Stand 28.06.12-2\" src=\"http:\/\/fab-j.de\/wp-content\/uploads\/2012\/06\/karstadt2a-20120628_\u00a9LU-224x150.jpg\" alt=\"\" width=\"224\" height=\"150\" \/><\/a><\/p>\n<p>&nbsp;<\/p>\n<p>&nbsp;<\/p>\n<p>&nbsp;<\/p>\n<p><a href=\"http:\/\/fab-j.de\/?attachment_id=1394\"><img loading=\"lazy\" decoding=\"async\" class=\"alignleft size-thumbnail wp-image-1394\" title=\"Neubau Stand 10.09.12-1\" src=\"http:\/\/fab-j.de\/wp-content\/uploads\/2012\/09\/Nordlicht1-120910-\u00a9-224x150.jpg\" alt=\"\" width=\"224\" height=\"150\" \/><\/a><a href=\"http:\/\/fab-j.de\/?attachment_id=1391\"><img loading=\"lazy\" decoding=\"async\" class=\"alignleft size-thumbnail wp-image-1391\" title=\"Neubau Stand 10.09.12-2\" src=\"http:\/\/fab-j.de\/wp-content\/uploads\/2012\/09\/Nordlicht2-120910-\u00a9-229x150.jpg\" alt=\"\" width=\"229\" height=\"150\" \/><\/a><\/p>\n<p>&nbsp;<\/p>\n<p>&nbsp;<\/p>\n<p>&nbsp;<\/p>\n<p><a href=\"http:\/\/fab-j.de\/?attachment_id=1402\"><img loading=\"lazy\" decoding=\"async\" class=\"alignleft size-thumbnail wp-image-1402\" title=\"Nordlicht Stand 10.09.12-4\" src=\"http:\/\/fab-j.de\/wp-content\/uploads\/2012\/09\/Nordlicht4-120910-\u00a9-224x150.jpg\" alt=\"\" width=\"224\" height=\"150\" \/><\/a><a href=\"http:\/\/fab-j.de\/?attachment_id=1416\"><img loading=\"lazy\" decoding=\"async\" class=\"alignleft size-thumbnail wp-image-1416\" title=\"Nordlicht-Eggerstedtstr.10.09.12\" src=\"http:\/\/fab-j.de\/wp-content\/uploads\/2012\/09\/Nordl-Eggerst1-120910-\u00a9-224x150.jpg\" alt=\"\" width=\"224\" height=\"150\" \/><\/a><\/p>\n<p>&nbsp;<\/p>\n<p>&nbsp;<\/p>\n<p><a href=\"http:\/\/fab-j.de\/fotogalerie\/foto-aktuell\/sony-dsc-305\/\" rel=\"attachment wp-att-1652\"><img loading=\"lazy\" decoding=\"async\" class=\"alignleft size-thumbnail wp-image-1652\" title=\"Nordlicht-fertig, Blick vom Eingang Nikolaikirche (07.12.2012)\" src=\"http:\/\/fab-j.de\/wp-content\/uploads\/2012\/12\/Ende-Nordlicht-Nikolai-\u00a9-268x150.jpg\" alt=\"\" width=\"268\" height=\"150\" \/><\/a><a href=\"http:\/\/fab-j.de\/fotogalerie\/foto-aktuell\/sony-dsc-302\/\" rel=\"attachment wp-att-1647\"><img loading=\"lazy\" decoding=\"async\" class=\"alignleft size-thumbnail wp-image-1647\" title=\"Nordlicht-fertig, R\u00fcckfront in der Eggerstedtstr. (07.12.2012)\" src=\"http:\/\/fab-j.de\/wp-content\/uploads\/2012\/12\/Ende-Nordlicht-Eggerst-\u00a9-265x150.jpg\" alt=\"\" width=\"265\" height=\"150\" \/><\/a><\/p>\n<p>&nbsp;<\/p>\n<p>&nbsp;<\/p>\n<p><a href=\"http:\/\/fab-j.de\/fotogalerie\/foto-aktuell\/sony-dsc-303\/\" rel=\"attachment wp-att-1650\"><img loading=\"lazy\" decoding=\"async\" class=\"alignleft size-thumbnail wp-image-1650\" title=\"Nordlicht-fertig, Haupteingang in der Holstenstr. (07.12.2012)\" src=\"http:\/\/fab-j.de\/wp-content\/uploads\/2012\/12\/Ende-Nordlicht-Eingang-\u00a9-300x150.jpg\" alt=\"\" width=\"300\" height=\"150\" \/><\/a><\/p>\n<p><a href=\"http:\/\/fab-j.de\/fotogalerie\/foto-aktuell\/sony-dsc-304\/\" rel=\"attachment wp-att-1651\"><img loading=\"lazy\" decoding=\"async\" class=\"alignleft size-thumbnail wp-image-1651\" title=\"Nordlicht-fertig, Blick von der Holstenstr. Richtung Alter Markt (07.12.2012)\" src=\"http:\/\/fab-j.de\/wp-content\/uploads\/2012\/12\/Ende-Nordlicht-Holsten-\u00a9-99x150.jpg\" alt=\"\" width=\"99\" height=\"150\" \/><\/a><\/p>\n<p>&nbsp;<\/p>\n<p>&nbsp;<\/p>\n<p><a href=\"http:\/\/fab-j.de\/?attachment_id=1646\"><img loading=\"lazy\" decoding=\"async\" class=\"alignleft size-thumbnail wp-image-1646\" title=\"Nordlicht-fertig, Stadtansicht vom Bootshafen aus (07.12.2012)\" src=\"http:\/\/fab-j.de\/wp-content\/uploads\/2012\/12\/Ende-Nordlicht-Bootshaf-\u00a9-300x117.jpg\" alt=\"\" width=\"300\" height=\"117\" \/><\/a><\/p>\n<p>&nbsp;<\/p>\n<p>&nbsp;<\/p>\n<p>&nbsp;<\/p>\n<p>&nbsp;<\/p>\n<p>&nbsp;<\/p>\n<p>&nbsp;<\/p>\n<p>&nbsp;<\/p>\n<p>&nbsp;<\/p>\n<p>&nbsp;<\/p>\n<p>&nbsp;<\/p>\n<p>&nbsp;<\/p>\n<p>&nbsp;<\/p>\n<p>&nbsp;<\/p>\n<p>&nbsp;<\/p>\n<p>&nbsp;<\/p>\n<p>&nbsp;<\/p>\n<p>&nbsp;<\/p>\n<p>&nbsp;<\/p>\n<p>&nbsp;<\/p>\n<p>&nbsp;<\/p>\n<p>&nbsp;<\/p>\n<p>&nbsp;<\/p>\n<p>&nbsp;<\/p>\n<p>&nbsp;<\/p>\n<p>&nbsp;<\/p>\n<p>&nbsp;<\/p>\n<p>&nbsp;<\/p>\n<p>&nbsp;<\/p>\n<p>&nbsp;<\/p>\n<p>&nbsp;<\/p>\n<p>&nbsp;<\/p>\n<p>&nbsp;<\/p>\n<p>&nbsp;<\/p>\n<p>Letzter Stand\u00a007.12.2012. Das war`s mit Karstadt in Kiel. Es (be-) lebe Nordlicht die Altstadt! Die Fu\u00dfg\u00e4nger-Durchgangspassage vom Haupteingang Holstenstra\u00dfe\u00a0zum Bootshafen ist ein wahrhaftiger Schock. Was da wohl noch kommt?<\/p>\n<p>&nbsp;<\/p>\n","protected":false},"excerpt":{"rendered":"<p>Dem Abbruch folgt Aufbau &#8211; alter Karstadt-Standort in Kiel am Alten Markt &nbsp; &nbsp; &nbsp; &nbsp; &nbsp; &nbsp; &nbsp; &nbsp; &nbsp; &nbsp; &nbsp; &nbsp; &nbsp; &nbsp; &nbsp; &nbsp; &nbsp; &nbsp; &nbsp; &nbsp; &nbsp; &nbsp; &nbsp; &nbsp; &nbsp; &nbsp; &nbsp; &nbsp; &hellip; <a href=\"http:\/\/fab-j.de\/?page_id=582\">Weiterlesen <span class=\"meta-nav\">&rarr;<\/span><\/a><\/p>\n","protected":false},"author":2,"featured_media":0,"parent":456,"menu_order":65,"comment_status":"open","ping_status":"open","template":"","meta":{"footnotes":""},"class_list":["post-582","page","type-page","status-publish","hentry"],"_links":{"self":[{"href":"http:\/\/fab-j.de\/index.php?rest_route=\/wp\/v2\/pages\/582"}],"collection":[{"href":"http:\/\/fab-j.de\/index.php?rest_route=\/wp\/v2\/pages"}],"about":[{"href":"http:\/\/fab-j.de\/index.php?rest_route=\/wp\/v2\/types\/page"}],"author":[{"embeddable":true,"href":"http:\/\/fab-j.de\/index.php?rest_route=\/wp\/v2\/users\/2"}],"replies":[{"embeddable":true,"href":"http:\/\/fab-j.de\/index.php?rest_route=%2Fwp%2Fv2%2Fcomments&post=582"}],"version-history":[{"count":0,"href":"http:\/\/fab-j.de\/index.php?rest_route=\/wp\/v2\/pages\/582\/revisions"}],"up":[{"embeddable":true,"href":"http:\/\/fab-j.de\/index.php?rest_route=\/wp\/v2\/pages\/456"}],"wp:attachment":[{"href":"http:\/\/fab-j.de\/index.php?rest_route=%2Fwp%2Fv2%2Fmedia&parent=582"}],"curies":[{"name":"wp","href":"https:\/\/api.w.org\/{rel}","templated":true}]}}