{"id":54,"date":"2009-03-18T19:01:10","date_gmt":"2009-03-18T18:01:10","guid":{"rendered":"http:\/\/www.bjfa.de\/?page_id=54"},"modified":"2009-03-18T19:01:10","modified_gmt":"2009-03-18T18:01:10","slug":"rechtshinweise","status":"publish","type":"page","link":"http:\/\/fab-j.de\/?page_id=54","title":{"rendered":"Rechtshinweise"},"content":{"rendered":"<p><strong>Haftungsausschlu\u00df<\/strong><br \/>\nTrotz h\u00f6chstm\u00f6glicher Sorgfalt bei dieser Website-Erstellung wird keine Gew\u00e4hr \u00fcbernommen f\u00fcr die absolute Richtigkeit, Vollst\u00e4ndigkeit und Aktualit\u00e4t der aufgezeigten Informationen. Dem entsprechend<strong>\u00a0<\/strong>werden Haftungsanspr\u00fcche bez\u00fcglich jeglicher Nutzung und Verwendung dieses Website-Inhalts ausgeschlossen. Dies gilt auch f\u00fcr die hier aufgezeigten &#8222;Links&#8220; mit deren Website-Inhalten.<\/p>\n<p><strong>Urheberrecht<\/strong><br \/>\nAlle\u00a0auf dieser Website ver\u00f6ffentlichten Inhalte\u00a0(Bilder, Texte etc.) sind gem\u00e4\u00df Urheberrechtsgesetz gesch\u00fctzt. Ver\u00e4nderungen an den Inhalten sind nicht gestattet. Jede Form privater oder gewerblicher Nutzung dieser Daten bedarf der vorherigen und schriftlichen Zustimmung. Grundsatz bei der Bearbeitung dieser Website ist die Einhaltung fremder Copyrights.\u00a0Sollte diesbez\u00fcglich einmal ein unbeabsichtigter Fehler auftreten, wird dies nach entsprechender Kenntnisnahme korrigiert.<\/p>\n<p>\u00a9 fab-j &#8211; freischaffender Architekt Bernd J\u00fcttner 2009<\/p>\n","protected":false},"excerpt":{"rendered":"<p>Haftungsausschlu\u00df Trotz h\u00f6chstm\u00f6glicher Sorgfalt bei dieser Website-Erstellung wird keine Gew\u00e4hr \u00fcbernommen f\u00fcr die absolute Richtigkeit, Vollst\u00e4ndigkeit und Aktualit\u00e4t der aufgezeigten Informationen. Dem entsprechend\u00a0werden Haftungsanspr\u00fcche bez\u00fcglich jeglicher Nutzung und Verwendung dieses Website-Inhalts ausgeschlossen. Dies gilt auch f\u00fcr die hier aufgezeigten &#8222;Links&#8220; &hellip; <a href=\"http:\/\/fab-j.de\/?page_id=54\">Weiterlesen <span class=\"meta-nav\">&rarr;<\/span><\/a><\/p>\n","protected":false},"author":2,"featured_media":0,"parent":0,"menu_order":50,"comment_status":"open","ping_status":"open","template":"","meta":{"footnotes":""},"class_list":["post-54","page","type-page","status-publish","hentry"],"_links":{"self":[{"href":"http:\/\/fab-j.de\/index.php?rest_route=\/wp\/v2\/pages\/54"}],"collection":[{"href":"http:\/\/fab-j.de\/index.php?rest_route=\/wp\/v2\/pages"}],"about":[{"href":"http:\/\/fab-j.de\/index.php?rest_route=\/wp\/v2\/types\/page"}],"author":[{"embeddable":true,"href":"http:\/\/fab-j.de\/index.php?rest_route=\/wp\/v2\/users\/2"}],"replies":[{"embeddable":true,"href":"http:\/\/fab-j.de\/index.php?rest_route=%2Fwp%2Fv2%2Fcomments&post=54"}],"version-history":[{"count":0,"href":"http:\/\/fab-j.de\/index.php?rest_route=\/wp\/v2\/pages\/54\/revisions"}],"wp:attachment":[{"href":"http:\/\/fab-j.de\/index.php?rest_route=%2Fwp%2Fv2%2Fmedia&parent=54"}],"curies":[{"name":"wp","href":"https:\/\/api.w.org\/{rel}","templated":true}]}}