{"id":456,"date":"2012-06-05T12:15:53","date_gmt":"2012-06-05T11:15:53","guid":{"rendered":"http:\/\/fab-j.de\/?page_id=456"},"modified":"2012-06-05T12:15:53","modified_gmt":"2012-06-05T11:15:53","slug":"fotogalerie","status":"publish","type":"page","link":"http:\/\/fab-j.de\/?page_id=456","title":{"rendered":"fab-j-fotogalerie"},"content":{"rendered":"<p>Hier soll die &#8222;fab-j-fotogalerie&#8220; f\u00fcr Digital-Fotografie heranwachsen.<\/p>\n<p><a title=\"foto-aktuell\" href=\"http:\/\/fab-j.de\/fotogalerie\/foto-aktuell\/\">foto-aktuell<\/a> h\u00e4lt Platz vor f\u00fcr wechselnde aktuelle Ereignisse und\u00a0auf den Folgeseiten\u00a0ist Raum f\u00fcr weitgefasste Themenbereiche:<\/p>\n<p><a title=\"architektur-detail\" href=\"http:\/\/fab-j.de\/fotogalerie\/architektur-detail\/\">architektur-detail<\/a>, <a title=\"stadt-land-meer\" href=\"http:\/\/fab-j.de\/fotogalerie\/stadt-land-meer\/\">stadt-land-meer<\/a>, <a title=\"natur-flora-fauna\" href=\"http:\/\/fab-j.de\/fotogalerie\/natur-flora-fauna\/\">natur-flora-fauna<\/a>, <a title=\"mensch-technik\" href=\"http:\/\/fab-j.de\/fotogalerie\/mensch-technik\/\">mensch-technik<\/a>, <a title=\"struktur-makro\" href=\"http:\/\/fab-j.de\/fotogalerie\/struktur-makro\/\">struktur-makro<\/a>, <a title=\"kunst-grafik\" href=\"http:\/\/fab-j.de\/fotogalerie\/kunst-grafik\/\">kunst-grafik<\/a>, <a title=\"stimmung-effekt\" href=\"http:\/\/fab-j.de\/fotogalerie\/stimmung-effekt\/\">stimmung-effekt<\/a><\/p>\n<p style=\"text-align: left;\">Alle Bilder sind urheberrechtlich gesch\u00fctzt<span style=\"color: #99ccff;\"> \u00a9 fab-j <\/span>(sh.Rechtshinweise)<\/p>\n","protected":false},"excerpt":{"rendered":"<p>Hier soll die &#8222;fab-j-fotogalerie&#8220; f\u00fcr Digital-Fotografie heranwachsen. foto-aktuell h\u00e4lt Platz vor f\u00fcr wechselnde aktuelle Ereignisse und\u00a0auf den Folgeseiten\u00a0ist Raum f\u00fcr weitgefasste Themenbereiche: architektur-detail, stadt-land-meer, natur-flora-fauna, mensch-technik, struktur-makro, kunst-grafik, stimmung-effekt Alle Bilder sind urheberrechtlich gesch\u00fctzt \u00a9 fab-j (sh.Rechtshinweise)<\/p>\n","protected":false},"author":2,"featured_media":1008,"parent":0,"menu_order":60,"comment_status":"open","ping_status":"open","template":"","meta":{"footnotes":""},"class_list":["post-456","page","type-page","status-publish","has-post-thumbnail","hentry"],"_links":{"self":[{"href":"http:\/\/fab-j.de\/index.php?rest_route=\/wp\/v2\/pages\/456"}],"collection":[{"href":"http:\/\/fab-j.de\/index.php?rest_route=\/wp\/v2\/pages"}],"about":[{"href":"http:\/\/fab-j.de\/index.php?rest_route=\/wp\/v2\/types\/page"}],"author":[{"embeddable":true,"href":"http:\/\/fab-j.de\/index.php?rest_route=\/wp\/v2\/users\/2"}],"replies":[{"embeddable":true,"href":"http:\/\/fab-j.de\/index.php?rest_route=%2Fwp%2Fv2%2Fcomments&post=456"}],"version-history":[{"count":0,"href":"http:\/\/fab-j.de\/index.php?rest_route=\/wp\/v2\/pages\/456\/revisions"}],"wp:featuredmedia":[{"embeddable":true,"href":"http:\/\/fab-j.de\/index.php?rest_route=\/wp\/v2\/media\/1008"}],"wp:attachment":[{"href":"http:\/\/fab-j.de\/index.php?rest_route=%2Fwp%2Fv2%2Fmedia&parent=456"}],"curies":[{"name":"wp","href":"https:\/\/api.w.org\/{rel}","templated":true}]}}