{"id":207,"date":"2009-03-21T22:07:38","date_gmt":"2009-03-21T21:07:38","guid":{"rendered":"http:\/\/www.bjfa.de\/?page_id=207"},"modified":"2009-03-21T22:07:38","modified_gmt":"2009-03-21T21:07:38","slug":"vitae","status":"publish","type":"page","link":"http:\/\/fab-j.de\/?page_id=207","title":{"rendered":"Vitae"},"content":{"rendered":"<p><strong>Bernd J\u00fcttner<\/strong><br \/>\n01.11.1948<br \/>\ngeb. in Sch\u00f6nkirchen<\/p>\n<p>April 1965 &#8211; Sept. 1967<br \/>\nZimmererlehre mit Abschlu\u00df<\/p>\n<p>Feb. 1968 &#8211; Jan. 1971<br \/>\nStudium FH Kiel (FB Hochbau, E\u00b4F\u00f6rde) mit Abschlu\u00df<\/p>\n<p>1971 &#8211; 1972<br \/>\n2 Semester Soziologie-Studium, CAU Kiel<\/p>\n<p>1971 &#8211; 1973<br \/>\nFreie Mitarbeit im Architekturb\u00fcro R\u00f6denbeck, Kiel<\/p>\n<p>Mai 1973 &#8211; Nov. 1976<br \/>\nStudium TU Berlin (Architektur + Stadtbau) mit Abschlu\u00df<\/p>\n<p>Dez. 1975 &#8211; M\u00e4rz 1977<br \/>\nTutor, TU Berlin (Institut f. Wohnungsbau + Stadteilplanung)<\/p>\n<p>Juli 1977 &#8211; Sept. 1978<br \/>\nAngestellter Architekt im Architekturb\u00fcro Diedrichsen + Hoge, Kiel<\/p>\n<p>01.11.1978<br \/>\nFreischaffender Architekt mit AIK-Listeneintrag<\/p>\n<p>&nbsp;<\/p>\n<p><strong>Marleen Prien-J\u00fcttner<\/strong><br \/>\nSteuerfachgehilfin und Sportlehrerin<br \/>\nzust\u00e4ndig f. B\u00fcro-, Buchf\u00fchrungs-,\u00a0Steuerangelegenheiten<\/p>\n","protected":false},"excerpt":{"rendered":"<p>Bernd J\u00fcttner 01.11.1948 geb. in Sch\u00f6nkirchen April 1965 &#8211; Sept. 1967 Zimmererlehre mit Abschlu\u00df Feb. 1968 &#8211; Jan. 1971 Studium FH Kiel (FB Hochbau, E\u00b4F\u00f6rde) mit Abschlu\u00df 1971 &#8211; 1972 2 Semester Soziologie-Studium, CAU Kiel 1971 &#8211; 1973 Freie Mitarbeit &hellip; <a href=\"http:\/\/fab-j.de\/?page_id=207\">Weiterlesen <span class=\"meta-nav\">&rarr;<\/span><\/a><\/p>\n","protected":false},"author":2,"featured_media":1034,"parent":84,"menu_order":2,"comment_status":"open","ping_status":"open","template":"","meta":{"footnotes":""},"class_list":["post-207","page","type-page","status-publish","has-post-thumbnail","hentry"],"_links":{"self":[{"href":"http:\/\/fab-j.de\/index.php?rest_route=\/wp\/v2\/pages\/207"}],"collection":[{"href":"http:\/\/fab-j.de\/index.php?rest_route=\/wp\/v2\/pages"}],"about":[{"href":"http:\/\/fab-j.de\/index.php?rest_route=\/wp\/v2\/types\/page"}],"author":[{"embeddable":true,"href":"http:\/\/fab-j.de\/index.php?rest_route=\/wp\/v2\/users\/2"}],"replies":[{"embeddable":true,"href":"http:\/\/fab-j.de\/index.php?rest_route=%2Fwp%2Fv2%2Fcomments&post=207"}],"version-history":[{"count":0,"href":"http:\/\/fab-j.de\/index.php?rest_route=\/wp\/v2\/pages\/207\/revisions"}],"up":[{"embeddable":true,"href":"http:\/\/fab-j.de\/index.php?rest_route=\/wp\/v2\/pages\/84"}],"wp:featuredmedia":[{"embeddable":true,"href":"http:\/\/fab-j.de\/index.php?rest_route=\/wp\/v2\/media\/1034"}],"wp:attachment":[{"href":"http:\/\/fab-j.de\/index.php?rest_route=%2Fwp%2Fv2%2Fmedia&parent=207"}],"curies":[{"name":"wp","href":"https:\/\/api.w.org\/{rel}","templated":true}]}}