{"id":145,"date":"2009-03-19T21:13:06","date_gmt":"2009-03-19T20:13:06","guid":{"rendered":"http:\/\/www.bjfa.de\/?page_id=145"},"modified":"2009-03-19T21:13:06","modified_gmt":"2009-03-19T20:13:06","slug":"aktuelle-projekte","status":"publish","type":"page","link":"http:\/\/fab-j.de\/?page_id=145","title":{"rendered":"Aktuelle Projekte"},"content":{"rendered":"<p style=\"text-align: left;\"><span style=\"color: #99ccff;\">Planung eines Einfamilienhauses <\/span>&#8211; Energiekonzeption mit Blick auf EnEV 2012(13)<\/p>\n<p style=\"text-align: left;\"><span style=\"color: #99ccff;\">St\u00e4dtebauliche\u00a0Rahmenplanung f\u00fcr ein inner\u00f6rtliches Wohngebiet<\/span><br \/>\n&#8211; Konzepte f\u00fcr Verkehrserschlie\u00dfung, Techn. Ver- und Entsorgung, Siedlungsstruktur<\/p>\n<p style=\"text-align: left;\"><span style=\"color: #99ccff;\">CAD-Bestandsplanerstellung &#8222;Bildungs-und Jugenderholungsst\u00e4tte Niendorf\/Ostsee&#8220;<\/span><br \/>\n&#8211; als Grundlage f\u00fcr\u00a0eine Grundsanierung des 30 Jahre alten \u00a0Objekts (2.700 qm BGF)<\/p>\n<p>&nbsp;<\/p>\n","protected":false},"excerpt":{"rendered":"<p>Planung eines Einfamilienhauses &#8211; Energiekonzeption mit Blick auf EnEV 2012(13) St\u00e4dtebauliche\u00a0Rahmenplanung f\u00fcr ein inner\u00f6rtliches Wohngebiet &#8211; Konzepte f\u00fcr Verkehrserschlie\u00dfung, Techn. Ver- und Entsorgung, Siedlungsstruktur CAD-Bestandsplanerstellung &#8222;Bildungs-und Jugenderholungsst\u00e4tte Niendorf\/Ostsee&#8220; &#8211; als Grundlage f\u00fcr\u00a0eine Grundsanierung des 30 Jahre alten \u00a0Objekts (2.700 qm &hellip; <a href=\"http:\/\/fab-j.de\/?page_id=145\">Weiterlesen <span class=\"meta-nav\">&rarr;<\/span><\/a><\/p>\n","protected":false},"author":2,"featured_media":0,"parent":0,"menu_order":30,"comment_status":"open","ping_status":"open","template":"","meta":{"footnotes":""},"class_list":["post-145","page","type-page","status-publish","hentry"],"_links":{"self":[{"href":"http:\/\/fab-j.de\/index.php?rest_route=\/wp\/v2\/pages\/145"}],"collection":[{"href":"http:\/\/fab-j.de\/index.php?rest_route=\/wp\/v2\/pages"}],"about":[{"href":"http:\/\/fab-j.de\/index.php?rest_route=\/wp\/v2\/types\/page"}],"author":[{"embeddable":true,"href":"http:\/\/fab-j.de\/index.php?rest_route=\/wp\/v2\/users\/2"}],"replies":[{"embeddable":true,"href":"http:\/\/fab-j.de\/index.php?rest_route=%2Fwp%2Fv2%2Fcomments&post=145"}],"version-history":[{"count":0,"href":"http:\/\/fab-j.de\/index.php?rest_route=\/wp\/v2\/pages\/145\/revisions"}],"wp:attachment":[{"href":"http:\/\/fab-j.de\/index.php?rest_route=%2Fwp%2Fv2%2Fmedia&parent=145"}],"curies":[{"name":"wp","href":"https:\/\/api.w.org\/{rel}","templated":true}]}}