{"id":137,"date":"2009-03-19T21:08:51","date_gmt":"2009-03-19T20:08:51","guid":{"rendered":"http:\/\/www.bjfa.de\/?page_id=137"},"modified":"2009-03-19T21:08:51","modified_gmt":"2009-03-19T20:08:51","slug":"unrealisierte-entwuerfe","status":"publish","type":"page","link":"http:\/\/fab-j.de\/?page_id=137","title":{"rendered":"Unrealisierte Entw\u00fcrfe"},"content":{"rendered":"<p>2009 Grundschul-Betreuungszentrum, M\u00f6nkeberg (BGF 600 qm)<\/p>\n<p><a href=\"http:\/\/fab-j.de\/?attachment_id=1174\"><img loading=\"lazy\" decoding=\"async\" class=\"alignleft size-thumbnail wp-image-1174\" title=\"GBZM-Lageplan\" src=\"http:\/\/fab-j.de\/wp-content\/uploads\/2012\/07\/GBZM-Lageplan_\u00a9LU-100x150.jpg\" alt=\"\" width=\"100\" height=\"150\" \/><\/a><a href=\"http:\/\/fab-j.de\/?attachment_id=1172\"><img loading=\"lazy\" decoding=\"async\" class=\"alignleft size-thumbnail wp-image-1172\" title=\"GBZM-EG\" src=\"http:\/\/fab-j.de\/wp-content\/uploads\/2012\/07\/GBZM-EG_\u00a9LU-100x150.jpg\" alt=\"\" width=\"100\" height=\"150\" \/><\/a><a href=\"http:\/\/fab-j.de\/?attachment_id=1173\"><img loading=\"lazy\" decoding=\"async\" class=\"alignleft size-thumbnail wp-image-1173\" title=\"GBZM-Schnitte\" src=\"http:\/\/fab-j.de\/wp-content\/uploads\/2012\/07\/GBZM-Schnitte_\u00a9LU-100x150.jpg\" alt=\"\" width=\"100\" height=\"150\" \/><\/a><a href=\"http:\/\/fab-j.de\/?attachment_id=1171\"><img loading=\"lazy\" decoding=\"async\" class=\"alignleft size-thumbnail wp-image-1171\" title=\"GBZM-Ansichten\" src=\"http:\/\/fab-j.de\/wp-content\/uploads\/2012\/07\/GBZM-Ansichten_\u00a9LU-100x150.jpg\" alt=\"\" width=\"100\" height=\"150\" \/><\/a><\/p>\n<p>&nbsp;<\/p>\n<p>&nbsp;<\/p>\n<p>&nbsp;<\/p>\n<p>&nbsp;<\/p>\n<p>&nbsp;<\/p>\n<p>&nbsp;<\/p>\n<p>2007 OGTS-Offene Ganztagsschule, Sch\u00f6nkirchen (BGF 1.010 qm)<\/p>\n<p><a href=\"http:\/\/fab-j.de\/unrealisierte-entwuerfe\/ogs-entw2-nr18_2\/\" rel=\"attachment wp-att-768\"><img loading=\"lazy\" decoding=\"async\" class=\"alignleft size-thumbnail wp-image-768\" title=\"OGTS-unrealisiert(1)\" src=\"http:\/\/fab-j.de\/wp-content\/uploads\/2012\/06\/OGS-Entw2-Nr18_\u00a92-300x201.jpg\" alt=\"\" width=\"223\" height=\"150\" \/><\/a><a href=\"http:\/\/fab-j.de\/unrealisierte-entwuerfe\/ogs-eg_lu\/\" rel=\"attachment wp-att-1107\"><img loading=\"lazy\" decoding=\"async\" class=\"alignleft size-thumbnail wp-image-1107\" title=\"OGS-EG\" src=\"http:\/\/fab-j.de\/wp-content\/uploads\/2012\/07\/OGS-EG_\u00a9LU-225x150.jpg\" alt=\"\" width=\"225\" height=\"150\" \/><\/a><\/p>\n<p>&nbsp;<\/p>\n<p>&nbsp;<\/p>\n<p>&nbsp;<\/p>\n<p>2005 Einfam.-Haus in Sch\u00f6nkirchen, KfW-40-Standard<\/p>\n<p><a href=\"http:\/\/fab-j.de\/?attachment_id=1157\"><img loading=\"lazy\" decoding=\"async\" class=\"alignleft size-thumbnail wp-image-1157\" title=\"WAHW-Grundrisse\" src=\"http:\/\/fab-j.de\/wp-content\/uploads\/2012\/07\/WAHW-Grundrisse_\u00a9LU-224x150.jpg\" alt=\"\" width=\"224\" height=\"150\" \/><\/a><a href=\"http:\/\/fab-j.de\/?attachment_id=1156\"><img loading=\"lazy\" decoding=\"async\" class=\"alignleft size-thumbnail wp-image-1156\" title=\"WAHW-Ansichten\" src=\"http:\/\/fab-j.de\/wp-content\/uploads\/2012\/07\/WAHW-Ansichten_\u00a9LU-224x150.jpg\" alt=\"\" width=\"224\" height=\"150\" \/><\/a><\/p>\n<p>&nbsp;<\/p>\n<p>&nbsp;<\/p>\n<p>&nbsp;<\/p>\n<p>&nbsp;<\/p>\n<p>2005 Wohnprojekt (19 WE + Gewerbe)\u00a0mit Kommunikationsbereich<\/p>\n<p><a href=\"http:\/\/fab-j.de\/?attachment_id=1184\"><img loading=\"lazy\" decoding=\"async\" class=\"alignleft size-thumbnail wp-image-1184\" title=\"Wohnanlage-KG\" src=\"http:\/\/fab-j.de\/wp-content\/uploads\/2012\/07\/Wohnanlage-KG_\u00a9LU-100x150.jpg\" alt=\"\" width=\"100\" height=\"150\" \/><\/a><a href=\"http:\/\/fab-j.de\/?attachment_id=1180\"><img loading=\"lazy\" decoding=\"async\" class=\"alignleft size-thumbnail wp-image-1180\" title=\"Wohnanlage-EG\" src=\"http:\/\/fab-j.de\/wp-content\/uploads\/2012\/07\/Wohnanlage-EG_\u00a9LU-100x150.jpg\" alt=\"\" width=\"100\" height=\"150\" \/><\/a><a href=\"http:\/\/fab-j.de\/?attachment_id=1186\"><img loading=\"lazy\" decoding=\"async\" class=\"alignleft size-thumbnail wp-image-1186\" title=\"Wohnanlage-OG\" src=\"http:\/\/fab-j.de\/wp-content\/uploads\/2012\/07\/Wohnanlage-OG_\u00a9LU-100x150.jpg\" alt=\"\" width=\"100\" height=\"150\" \/><\/a><a href=\"http:\/\/fab-j.de\/?attachment_id=1179\"><img loading=\"lazy\" decoding=\"async\" class=\"alignleft size-thumbnail wp-image-1179\" title=\"Wohnanlage-DG\" src=\"http:\/\/fab-j.de\/wp-content\/uploads\/2012\/07\/Wohnanlage-DG_\u00a9LU-100x150.jpg\" alt=\"\" width=\"100\" height=\"150\" \/><\/a><\/p>\n<p>&nbsp;<\/p>\n<p>&nbsp;<\/p>\n<p>&nbsp;<\/p>\n<p><a href=\"http:\/\/fab-j.de\/?attachment_id=1181\"><img loading=\"lazy\" decoding=\"async\" class=\"alignleft size-thumbnail wp-image-1181\" title=\"Wohnanlage-Isometrie1-3\" src=\"http:\/\/fab-j.de\/wp-content\/uploads\/2012\/07\/Wohnanlage-Isom1-3_\u00a9LU-100x150.jpg\" alt=\"\" width=\"100\" height=\"150\" \/><\/a><a href=\"http:\/\/fab-j.de\/?attachment_id=1182\"><img loading=\"lazy\" decoding=\"async\" class=\"alignleft size-thumbnail wp-image-1182\" title=\"Wohnanlage-Isometrie3-6\" src=\"http:\/\/fab-j.de\/wp-content\/uploads\/2012\/07\/Wohnanlage-Isom3-6_\u00a9LU-100x150.jpg\" alt=\"\" width=\"100\" height=\"150\" \/><\/a><a href=\"http:\/\/fab-j.de\/?attachment_id=1183\"><img loading=\"lazy\" decoding=\"async\" class=\"alignleft size-thumbnail wp-image-1183\" title=\"Wohnanlage-Isometrie7-8\" src=\"http:\/\/fab-j.de\/wp-content\/uploads\/2012\/07\/Wohnanlage-Isom7-8_\u00a9LU-100x150.jpg\" alt=\"\" width=\"100\" height=\"150\" \/><\/a><\/p>\n<p>&nbsp;<\/p>\n<p>&nbsp;<\/p>\n<p>&nbsp;<\/p>\n<p>&nbsp;<\/p>\n<p>&nbsp;<\/p>\n<p>&nbsp;<\/p>\n<p>&nbsp;<\/p>\n<p>&nbsp;<\/p>\n<p>2000 Gemeindeb\u00fccherei Sch\u00f6nkirchen (mit Anbindung an Geest-Halle)<\/p>\n<p><a href=\"http:\/\/fab-j.de\/unrealisierte-entwuerfe\/buch00-ansichten2_2\/\" rel=\"attachment wp-att-836\"><img loading=\"lazy\" decoding=\"async\" class=\"alignleft size-thumbnail wp-image-836\" title=\"Gemeindeb\u00fccherei 2000 - unrealisiert(2)\" src=\"http:\/\/fab-j.de\/wp-content\/uploads\/2012\/06\/buch00-ansichten2_\u00a92-224x150.jpg\" alt=\"\" width=\"224\" height=\"150\" \/><\/a><a href=\"http:\/\/fab-j.de\/?attachment_id=1106\"><img loading=\"lazy\" decoding=\"async\" class=\"alignleft size-thumbnail wp-image-1106\" title=\"B\u00fccherei 2000, EG\" src=\"http:\/\/fab-j.de\/wp-content\/uploads\/2012\/07\/buch00-EG_\u00a9LU-225x150.jpg\" alt=\"\" width=\"225\" height=\"150\" \/><\/a><\/p>\n<p>&nbsp;<\/p>\n<p>&nbsp;<\/p>\n<p>&nbsp;<\/p>\n<p>1997 Neubau ASB-Zentrale in Kiel-Mettenhof (BGF 5.567 qm)<\/p>\n<p><a href=\"http:\/\/fab-j.de\/?attachment_id=1124\"><img loading=\"lazy\" decoding=\"async\" class=\"alignleft size-thumbnail wp-image-1124\" title=\"ASB-Isometrie Frontseite\" src=\"http:\/\/fab-j.de\/wp-content\/uploads\/2012\/07\/ASB-Isom-Frontseite_\u00a9LU-224x150.jpg\" alt=\"\" width=\"224\" height=\"150\" \/><\/a><a href=\"http:\/\/fab-j.de\/?attachment_id=1125\"><img loading=\"lazy\" decoding=\"async\" class=\"alignleft size-thumbnail wp-image-1125\" title=\"ASB-Isometrie R\u00fcckseite\" src=\"http:\/\/fab-j.de\/wp-content\/uploads\/2012\/07\/ASB-Isom-R\u00fcckseite_\u00a9LU-224x150.jpg\" alt=\"\" width=\"224\" height=\"150\" \/><\/a><\/p>\n<p>&nbsp;<\/p>\n<p>&nbsp;<\/p>\n<p>&nbsp;<\/p>\n<p>1996 Vorentwurf &#8222;Erweiterung Friedr.-Schiller-Gymnasium&#8220;, Preetz<\/p>\n<p><a href=\"http:\/\/fab-j.de\/?attachment_id=1162\"><img loading=\"lazy\" decoding=\"async\" class=\"alignleft size-thumbnail wp-image-1162\" title=\"FSG-Erweiterung-Variante1\" src=\"http:\/\/fab-j.de\/wp-content\/uploads\/2012\/07\/FSG-Erweiterung-Variante1_\u00a9LU-224x150.jpg\" alt=\"\" width=\"224\" height=\"150\" \/><\/a><a href=\"http:\/\/fab-j.de\/?attachment_id=1163\"><img loading=\"lazy\" decoding=\"async\" class=\"alignleft size-thumbnail wp-image-1163\" title=\"FSG-Erweiterung-Variante2\" src=\"http:\/\/fab-j.de\/wp-content\/uploads\/2012\/07\/FSG-Erweiterung-Variante2_\u00a9LU-224x150.jpg\" alt=\"\" width=\"224\" height=\"150\" \/><\/a><\/p>\n<p>&nbsp;<\/p>\n<p>&nbsp;<\/p>\n<p>&nbsp;<\/p>\n<p><a href=\"http:\/\/fab-j.de\/?attachment_id=1164\"><img loading=\"lazy\" decoding=\"async\" class=\"alignleft size-thumbnail wp-image-1164\" title=\"FSG-Erweiterung-Variante3\" src=\"http:\/\/fab-j.de\/wp-content\/uploads\/2012\/07\/FSG-Erweiterung-Variante3_\u00a9LU-224x150.jpg\" alt=\"\" width=\"224\" height=\"150\" \/><\/a><a href=\"http:\/\/fab-j.de\/?attachment_id=1165\"><img loading=\"lazy\" decoding=\"async\" class=\"alignleft size-thumbnail wp-image-1165\" title=\"FSG-Erweiterung-Variante4\" src=\"http:\/\/fab-j.de\/wp-content\/uploads\/2012\/07\/FSG-Erweiterung-Variante4_\u00a9LU-224x150.jpg\" alt=\"\" width=\"224\" height=\"150\" \/><\/a><\/p>\n<p>&nbsp;<\/p>\n<p>&nbsp;<\/p>\n<p>&nbsp;<\/p>\n<p><a href=\"http:\/\/fab-j.de\/?attachment_id=1166\"><img loading=\"lazy\" decoding=\"async\" class=\"alignleft size-thumbnail wp-image-1166\" title=\"FSG-Erweiterung-Variante5\" src=\"http:\/\/fab-j.de\/wp-content\/uploads\/2012\/07\/FSG-Erweiterung-Variante5_\u00a9LU-224x150.jpg\" alt=\"\" width=\"224\" height=\"150\" \/><\/a><\/p>\n<p>&nbsp;<\/p>\n<p>&nbsp;<\/p>\n<p>&nbsp;<\/p>\n<p>&nbsp;<\/p>\n<p>&nbsp;<\/p>\n<p>&nbsp;<\/p>\n<p>&nbsp;<\/p>\n<p>&nbsp;<\/p>\n<p>&nbsp;<\/p>\n<p>&nbsp;<\/p>\n<p>1991 Wohnhaus mit Pferdestall (4 Boxen), Klausdorf, Hanglage<\/p>\n<p><a href=\"http:\/\/fab-j.de\/unrealisierte-entwuerfe\/kloeckner-untergesch_lu\/\" rel=\"attachment wp-att-1132\"><img loading=\"lazy\" decoding=\"async\" class=\"alignleft size-thumbnail wp-image-1132\" title=\"Wohnhaus m. Pferdeboxen, Untergescho\u00df\" src=\"http:\/\/fab-j.de\/wp-content\/uploads\/2012\/07\/Kloeckner-Untergesch_\u00a9LU-224x150.jpg\" alt=\"\" width=\"224\" height=\"150\" \/><\/a><a href=\"http:\/\/fab-j.de\/unrealisierte-entwuerfe\/kloeckner-hauptgesch_lu\/\" rel=\"attachment wp-att-1131\"><img loading=\"lazy\" decoding=\"async\" class=\"alignleft size-thumbnail wp-image-1131\" title=\"Wohnhaus m. Pferdeboxen, Hauptgescho\u00df\" src=\"http:\/\/fab-j.de\/wp-content\/uploads\/2012\/07\/Kloeckner-Hauptgesch_\u00a9LU-224x150.jpg\" alt=\"\" width=\"224\" height=\"150\" \/><\/a><\/p>\n<p>&nbsp;<\/p>\n<p>&nbsp;<\/p>\n<p>&nbsp;<\/p>\n<p>1991\u00a0Umbau-\/Erweiterung Verwaltungsgeb\u00e4ude, Hindenburgufer, Kiel <a href=\"http:\/\/fab-j.de\/?attachment_id=1102\"><img loading=\"lazy\" decoding=\"async\" class=\"alignleft size-thumbnail wp-image-1102\" title=\"ULR-Umbau-Ansichten\" src=\"http:\/\/fab-j.de\/wp-content\/uploads\/2012\/07\/ULR-Umbau-Ansicht_\u00a9LU1-225x150.jpg\" alt=\"\" width=\"225\" height=\"150\" \/><\/a><a href=\"http:\/\/fab-j.de\/?attachment_id=1103\"><img loading=\"lazy\" decoding=\"async\" class=\"alignleft size-thumbnail wp-image-1103\" title=\"ULR-Umbau-EG+DG\" src=\"http:\/\/fab-j.de\/wp-content\/uploads\/2012\/07\/ULR-Umbau-Grundr_\u00a9LU1-225x150.jpg\" alt=\"\" width=\"225\" height=\"150\" \/><\/a><\/p>\n<p>&nbsp;<\/p>\n<p>&nbsp;<\/p>\n<p>&nbsp;<\/p>\n<p>&nbsp;<\/p>\n<p>1991 Neubau Verwaltungs-und Wohngeb\u00e4ude, Hindenburgufer, Kiel <a href=\"http:\/\/fab-j.de\/?attachment_id=1100\"><img loading=\"lazy\" decoding=\"async\" class=\"alignleft size-thumbnail wp-image-1100\" title=\"ULR-Neubau-Ansichten\" src=\"http:\/\/fab-j.de\/wp-content\/uploads\/2012\/07\/ULR-Neubau-Ansicht_\u00a9LU1-225x150.jpg\" alt=\"\" width=\"225\" height=\"150\" \/><\/a><a href=\"http:\/\/fab-j.de\/?attachment_id=1101\"><img loading=\"lazy\" decoding=\"async\" class=\"alignleft size-thumbnail wp-image-1101\" title=\"ULR-Neubau-EG+OG\" src=\"http:\/\/fab-j.de\/wp-content\/uploads\/2012\/07\/ULR-Neubau-Grundr_\u00a9LU1-225x150.jpg\" alt=\"\" width=\"225\" height=\"150\" \/><\/a><\/p>\n<p>&nbsp;<\/p>\n<p>&nbsp;<\/p>\n<p>&nbsp;<\/p>\n<p>1988 Gemeindeb\u00fccherei Sch\u00f6nkirchen (unterh.Geest-Halle + Vorbau)<\/p>\n<p><a href=\"http:\/\/fab-j.de\/?attachment_id=1140\"><img loading=\"lazy\" decoding=\"async\" class=\"alignleft size-thumbnail wp-image-1140\" title=\"B\u00fccherei 88-unterh.Geesthalle, Grundriss\" src=\"http:\/\/fab-j.de\/wp-content\/uploads\/2012\/07\/buch88-EG_\u00a9LU-224x150.jpg\" alt=\"\" width=\"224\" height=\"150\" \/><\/a><a href=\"http:\/\/fab-j.de\/?attachment_id=1139\"><img loading=\"lazy\" decoding=\"async\" class=\"alignleft size-thumbnail wp-image-1139\" title=\"B\u00fccherei 88-unterh.Geesthalle, Ansichten\" src=\"http:\/\/fab-j.de\/wp-content\/uploads\/2012\/07\/buch88-ansicht_\u00a9LU1-224x150.jpg\" alt=\"\" width=\"224\" height=\"150\" \/><\/a><\/p>\n<p>&nbsp;<\/p>\n<p>&nbsp;<\/p>\n<p>&nbsp;<\/p>\n<p><a href=\"http:\/\/fab-j.de\/unrealisierte-entwuerfe\/buch88-lageplan_lu\/\" rel=\"attachment wp-att-1141\"><img loading=\"lazy\" decoding=\"async\" class=\"alignleft size-thumbnail wp-image-1141\" title=\"B\u00fccherei 88-unterh.Geesthalle, Lageplan\" src=\"http:\/\/fab-j.de\/wp-content\/uploads\/2012\/07\/buch88-lageplan_\u00a9LU-100x150.jpg\" alt=\"\" width=\"100\" height=\"150\" \/><\/a><\/p>\n<p>&nbsp;<\/p>\n<p>&nbsp;<\/p>\n<p>&nbsp;<\/p>\n<p>&nbsp;<\/p>\n<p>&nbsp;<\/p>\n<p>&nbsp;<\/p>\n<p>&nbsp;<\/p>\n<p>&nbsp;<\/p>\n<p>1987 Katastrophenschutz-Zentrale im Kreis Pl\u00f6n, Standort Preetz<\/p>\n<p><a href=\"http:\/\/fab-j.de\/?attachment_id=1160\"><img loading=\"lazy\" decoding=\"async\" class=\"alignleft size-thumbnail wp-image-1160\" title=\"KATS-1987-Erdgeschoss\" src=\"http:\/\/fab-j.de\/wp-content\/uploads\/2012\/07\/KATS-1987-Erdgeschoss_\u00a9LU-224x150.jpg\" alt=\"\" width=\"224\" height=\"150\" \/><\/a><a href=\"http:\/\/fab-j.de\/?attachment_id=1159\"><img loading=\"lazy\" decoding=\"async\" class=\"alignleft size-thumbnail wp-image-1159\" title=\"KATS-1987-Ansichten\" src=\"http:\/\/fab-j.de\/wp-content\/uploads\/2012\/07\/KATS-1987-Ansichten_\u00a9LU-224x150.jpg\" alt=\"\" width=\"224\" height=\"150\" \/><\/a><\/p>\n<p>&nbsp;<\/p>\n<p>&nbsp;<\/p>\n<p>&nbsp;<\/p>\n<p>&nbsp;<\/p>\n<p>&nbsp;<\/p>\n<p>1983 Wohnhaus mit Einliegerwohnung, Kiel<\/p>\n<p><a href=\"http:\/\/fab-j.de\/?attachment_id=1134\"><img loading=\"lazy\" decoding=\"async\" class=\"alignleft size-thumbnail wp-image-1134\" title=\"Wohnhaus-Kiel, EG+DG\" src=\"http:\/\/fab-j.de\/wp-content\/uploads\/2012\/07\/Wohnhaus-Kiel-Grundr_\u00a9LU-224x150.jpg\" alt=\"\" width=\"224\" height=\"150\" \/><\/a><a href=\"http:\/\/fab-j.de\/?attachment_id=1133\"><img loading=\"lazy\" decoding=\"async\" class=\"alignleft size-thumbnail wp-image-1133\" title=\"Wohnhaus-Kiel, Anschten\" src=\"http:\/\/fab-j.de\/wp-content\/uploads\/2012\/07\/Wohnhaus-Kiel-Anscht_\u00a9LU-224x150.jpg\" alt=\"\" width=\"224\" height=\"150\" \/><\/a><\/p>\n<p>&nbsp;<\/p>\n<p>&nbsp;<\/p>\n<p>&nbsp;<\/p>\n<p>&nbsp;<\/p>\n<p>&nbsp;<\/p>\n<p>&nbsp;<\/p>\n","protected":false},"excerpt":{"rendered":"<p>2009 Grundschul-Betreuungszentrum, M\u00f6nkeberg (BGF 600 qm) &nbsp; &nbsp; &nbsp; &nbsp; &nbsp; &nbsp; 2007 OGTS-Offene Ganztagsschule, Sch\u00f6nkirchen (BGF 1.010 qm) &nbsp; &nbsp; &nbsp; 2005 Einfam.-Haus in Sch\u00f6nkirchen, KfW-40-Standard &nbsp; &nbsp; &nbsp; &nbsp; 2005 Wohnprojekt (19 WE + Gewerbe)\u00a0mit Kommunikationsbereich &nbsp; &nbsp; &hellip; <a href=\"http:\/\/fab-j.de\/?page_id=137\">Weiterlesen <span class=\"meta-nav\">&rarr;<\/span><\/a><\/p>\n","protected":false},"author":2,"featured_media":0,"parent":0,"menu_order":20,"comment_status":"open","ping_status":"open","template":"","meta":{"footnotes":""},"class_list":["post-137","page","type-page","status-publish","hentry"],"_links":{"self":[{"href":"http:\/\/fab-j.de\/index.php?rest_route=\/wp\/v2\/pages\/137"}],"collection":[{"href":"http:\/\/fab-j.de\/index.php?rest_route=\/wp\/v2\/pages"}],"about":[{"href":"http:\/\/fab-j.de\/index.php?rest_route=\/wp\/v2\/types\/page"}],"author":[{"embeddable":true,"href":"http:\/\/fab-j.de\/index.php?rest_route=\/wp\/v2\/users\/2"}],"replies":[{"embeddable":true,"href":"http:\/\/fab-j.de\/index.php?rest_route=%2Fwp%2Fv2%2Fcomments&post=137"}],"version-history":[{"count":0,"href":"http:\/\/fab-j.de\/index.php?rest_route=\/wp\/v2\/pages\/137\/revisions"}],"wp:attachment":[{"href":"http:\/\/fab-j.de\/index.php?rest_route=%2Fwp%2Fv2%2Fmedia&parent=137"}],"curies":[{"name":"wp","href":"https:\/\/api.w.org\/{rel}","templated":true}]}}