{"id":121,"date":"2009-03-19T20:49:38","date_gmt":"2009-03-19T19:49:38","guid":{"rendered":"http:\/\/www.bjfa.de\/?page_id=121"},"modified":"2009-03-19T20:49:38","modified_gmt":"2009-03-19T19:49:38","slug":"projektarchiv","status":"publish","type":"page","link":"http:\/\/fab-j.de\/?page_id=121","title":{"rendered":"Projektarchiv"},"content":{"rendered":"<p style=\"text-align: left;\">nach 2000<\/p>\n<p>&#8211; PAK-Sanierung &#8222;Jugendheim M\u00f6nkeberg&#8220;<br \/>\n&#8211; Neubau IBAK-Kantine\/Schulung\/B\u00fcro\u00a0NIK5 (mit Kanalrohr-TV-Testanlage), Kiel<br \/>\n&#8211; Neubau IBAK-Halle IHA3 (Produktion Kanalrohrfernsehsysteme)Kiel<br \/>\n&#8211; Schwentinehallen Klausdorf, Trennvorhangkonstr.\/Dachfl\u00e4chensan.<br \/>\n&#8211; Neubau SVS-Vereinshaus im Sporthafen Kiel-Dietrichsdorf<br \/>\n&#8211; Neubau IBAK-Halle IHA2 (Produktion Kanalrohrfernsehsysteme), Kiel<br \/>\n&#8211; Sanierung Fachtrakt, Schule Sch\u00f6nkirchen (Fassaden, Verbindungsgang)<br \/>\n&#8211; H\u00f6rnum\/Sylt, Jugendbildungsst\u00e4tte Pidder-L\u00fcng-Haus (Kasernenumbau)<br \/>\n&#8211; div. sonstige Bauvorhaben und Beratungen (Neu-\/An-\/Umbau, Sanierung)<\/p>\n<p>1990-2000<br \/>\n&#8211; Vorpf\u00fcfer f\u00fcr St\u00e4dtebau-Wettbewerb &#8222;Ortsmitte Probsteierhagen&#8220;<br \/>\n&#8211; Teilsanierung &#8222;Alte Schule Lilienthal&#8220;, mit Kita- und K\u00fcchenerg\u00e4nzung<br \/>\n&#8211; Dachsanierung Fertigteil-Lernbeh.-Schule Sch\u00f6nkirch.(neues Satteldach)<br \/>\n&#8211; Dachsanierung Fertigteil-Grundschule Sch\u00f6nkirch.(neues Satteldach)<br \/>\n&#8211; Atriumsanierung\/Aula-Neubau, Sch\u00f6nkichener Schule im Augustental<br \/>\n&#8211; Fassadensanierung Fertigteil-Lernbehindertenschule Sch\u00f6nkirchen<br \/>\n&#8211; Dachsanierung Hauptschule Sch\u00f6nk.(Erweiterung\/PC-R\u00e4ume\/Photovolta.)<br \/>\n&#8211; Brandschutzma\u00dfnahmen Realschule+Lernbehindertenschule Sch\u00f6nkirchen<br \/>\n&#8211; Fassadensanierung Fertigteil-Grundschule Sch\u00f6nkirchen<br \/>\n&#8211; Schloss Noer, Herrenhaus-San.\/Umbau Jugendbildungst.(Denkmalschutz)<br \/>\n&#8211; F-Geest-Sporthalle Sch\u00f6nkirch. Grundsan.(Fassad\/Dach\/Schwingb\/Umkl)<br \/>\n&#8211; Neubau Wohnanlage in Preetz, Wischkamp (7 WE)<br \/>\n&#8211; Neubau Ferien-Wohnanlage Deichweg 16, Sch\u00f6nberg-Kalifornien (3 WE)<br \/>\n&#8211; ULR-Baubetreuung, Hindenburgufer 85, Kiel<br \/>\n&#8211; ULR-Nutzungsgerechter B\u00fcroumbau (2 Etagen), Schlo\u00dfstr.19, Kiel<br \/>\n&#8211; Haupteingangsdesign mit Vorbau f\u00fcr IBAK-Bestandsbau<br \/>\n&#8211; IKO-Kindergarten Sch\u00f6nkirchen, Um-\/Anbau im Realschultrakt<br \/>\n&#8211; AWO-Kinderhaus Sch\u00f6nkirchen, Sanierung\/Umbau\/Erweiterung<br \/>\n&#8211; div. sonstige Bauvorhaben und Beratungen (Neu-\/An-\/Umbau, Sanierung)<\/p>\n<p>1978-1990<br \/>\n&#8211; B-Plan Nr.10 &#8222;Gr\u00fcne Kante&#8220;, M\u00f6nkeberg<br \/>\n&#8211; B-Plan 10b &#8222;Oberdorf&#8220;, Laboe<br \/>\n&#8211; St\u00e4dtebaulicher Bebauungsvorschlag f. B-Plan 13, Bordesholm<br \/>\n&#8211; Neubau Jugendbildungsst\u00e4tte Niendorf\/Ostsee (180 Betten)<br \/>\n&#8211; Schloss Noer, Inspektorenhaus-Umbau z. Bettenhaus (Denkmalschutz)<br \/>\n&#8211; Schloss Noer, Reitstall-Umbau zum Bettenhaus (Denkmalschutz)<br \/>\n&#8211; Helgoland, Haus der Jugend, San.\/Umbau\/Anbau (194 Betten)<br \/>\n&#8211; Amrum, Umbau\/Erweiterung eines Wohn- und Gesch\u00e4ftshauses<br \/>\n&#8211; Sanierung\/Nutzungs\u00e4nd. Schmidt-Haus, Sch\u00f6nkirchen (Denkmalschutz)<br \/>\n&#8211; Sanierung &#8222;Rathaus&#8220; Sch\u00f6nkirchen (Fassaden, Flach- und Steild\u00e4cher)<br \/>\n&#8211; Sanierung Realschule Sch\u00f6nkirchen (Fassaden, D\u00e4cher, Pausenhalle)<br \/>\n&#8211; diverse Schulbau-Unterhaltung (Brandschutz, Sanit\u00e4r&#8230;), Sch\u00f6nkirchen<br \/>\n&#8211; Teilsanierung &#8222;Alte Schule Lilienthal&#8220;, mit Ausbau von Jugendr\u00e4umen<br \/>\n&#8211; Neubau Sportplatzgeb\u00e4ude mit Vereinskantine, T\u00f6kendorf<br \/>\n&#8211; Neubau Gewerbe-Satzstudio mit Wohnung, Preetz-Wakendorf<br \/>\n&#8211; Neubau Wohnhaus mit B\u00fcro am Dobersdorfer See, T\u00f6kendorf<br \/>\n&#8211; Neubau Wohnhaus am NO-Kanal, Landwehr<br \/>\n&#8211; diverse Wohnungsbauvorhaben (Neubau, Anbau, Umbau, Sanierung)<\/p>\n","protected":false},"excerpt":{"rendered":"<p>nach 2000 &#8211; PAK-Sanierung &#8222;Jugendheim M\u00f6nkeberg&#8220; &#8211; Neubau IBAK-Kantine\/Schulung\/B\u00fcro\u00a0NIK5 (mit Kanalrohr-TV-Testanlage), Kiel &#8211; Neubau IBAK-Halle IHA3 (Produktion Kanalrohrfernsehsysteme)Kiel &#8211; Schwentinehallen Klausdorf, Trennvorhangkonstr.\/Dachfl\u00e4chensan. &#8211; Neubau SVS-Vereinshaus im Sporthafen Kiel-Dietrichsdorf &#8211; Neubau IBAK-Halle IHA2 (Produktion Kanalrohrfernsehsysteme), Kiel &#8211; Sanierung Fachtrakt, Schule Sch\u00f6nkirchen &hellip; <a href=\"http:\/\/fab-j.de\/?page_id=121\">Weiterlesen <span class=\"meta-nav\">&rarr;<\/span><\/a><\/p>\n","protected":false},"author":3,"featured_media":1026,"parent":0,"menu_order":10,"comment_status":"open","ping_status":"open","template":"","meta":{"footnotes":""},"class_list":["post-121","page","type-page","status-publish","has-post-thumbnail","hentry"],"_links":{"self":[{"href":"http:\/\/fab-j.de\/index.php?rest_route=\/wp\/v2\/pages\/121"}],"collection":[{"href":"http:\/\/fab-j.de\/index.php?rest_route=\/wp\/v2\/pages"}],"about":[{"href":"http:\/\/fab-j.de\/index.php?rest_route=\/wp\/v2\/types\/page"}],"author":[{"embeddable":true,"href":"http:\/\/fab-j.de\/index.php?rest_route=\/wp\/v2\/users\/3"}],"replies":[{"embeddable":true,"href":"http:\/\/fab-j.de\/index.php?rest_route=%2Fwp%2Fv2%2Fcomments&post=121"}],"version-history":[{"count":0,"href":"http:\/\/fab-j.de\/index.php?rest_route=\/wp\/v2\/pages\/121\/revisions"}],"wp:featuredmedia":[{"embeddable":true,"href":"http:\/\/fab-j.de\/index.php?rest_route=\/wp\/v2\/media\/1026"}],"wp:attachment":[{"href":"http:\/\/fab-j.de\/index.php?rest_route=%2Fwp%2Fv2%2Fmedia&parent=121"}],"curies":[{"name":"wp","href":"https:\/\/api.w.org\/{rel}","templated":true}]}}